{"id":3201,"date":"2022-04-25T04:40:21","date_gmt":"2022-04-25T04:40:21","guid":{"rendered":"http:\/\/ftpdemo.com\/easton\/?page_id=13"},"modified":"2023-02-16T13:39:33","modified_gmt":"2023-02-16T13:39:33","slug":"home-page-01","status":"publish","type":"page","link":"https:\/\/ricardomotalda.pt\/","title":{"rendered":"Home Page 01"},"content":{"rendered":"\t\t<div data-elementor-type=\"wp-page\" data-elementor-id=\"3201\" class=\"elementor elementor-3201\">\n\t\t\t\t\t\t\t\t\t<section class=\"elementor-section elementor-top-section elementor-element elementor-element-5aafffa2 elementor-section-full_width elementor-section-height-default elementor-section-height-default\" data-id=\"5aafffa2\" data-element_type=\"section\">\n\t\t\t\t\t\t<div class=\"elementor-container elementor-column-gap-no\">\n\t\t\t\t\t<div class=\"elementor-column elementor-col-100 elementor-top-column elementor-element elementor-element-9988c8d\" data-id=\"9988c8d\" data-element_type=\"column\">\n\t\t\t<div class=\"elementor-widget-wrap elementor-element-populated\">\n\t\t\t\t\t\t\t\t<div class=\"elementor-element elementor-element-4d6054a6 elementor-widget elementor-widget-easton_h1_slider\" data-id=\"4d6054a6\" data-element_type=\"widget\" data-widget_type=\"easton_h1_slider.default\">\n\t\t\t\t<div class=\"elementor-widget-container\">\n\t\t\t\t\t\n\n\t <script>\n jQuery(document).ready(function($) {\n\n\/\/put the js code under this line \n\n\tif ($(\".banner-carousel\").length) {\n        $(\".banner-carousel\").owlCarousel({\n            loop:true,\n\t\t\tmargin:0,\n\t\t\tnav:true,\n    \t\tactive: true,\n\t\t\tsmartSpeed: 1000,\n\t\t\tautoplay: 6000,\n            responsive:{\n                0:{\n                    items:1\n                },\n                600:{\n                    items:1\n                },\n                800:{\n                    items:1\n                },\n                1024:{\n                    items:1\n                }\n            }\n        });\n    }\n\n\/\/put the code above the line \n\n  });\n<\/script>\t\t\n        <section class=\"banner-section banner-style-one p_relative \">\n            <div class=\"shape\">\n                <div class=\"shape-1 p_absolute l_0 b_0 z_2\"><\/div>\n                <div class=\"shape-2 p_absolute l_0 t_0 z_2\"><\/div>\n                <div class=\"shape-3 p_absolute l_0 t_0 z_2\"><\/div>\n            <\/div>\n            <div class=\"banner-carousel owl-theme owl-carousel owl-dots-none\">\n\t\t\t\n\t\t\t\t\t\t\t\n                <div class=\"slide-item p_relative pt_180\">\n\t\t\t\t\t                    <div class=\"image-layer p_absolute\" style=\"background-image:url(https:\/\/ricardomotalda.pt\/wp-content\/uploads\/2023\/02\/img_slideshow_initial_001.jpeg)\">\n\t\t\t\t\t\t\t\t\t\t<\/div>\n                    <div class=\"auto-container\">\n                        <div class=\"content-box p_relative d_block z_5\">\n                            <h2 class=\"p_relative d_block fs_60 lh_70 fw_bold mb_18\">Aquecimento a <span>PELLETS<\/span><\/h2>\n                            <p class=\"p_relative d_block fs_18\">A natureza \u00e9 algo extraordin\u00e1rio, oferecendo v\u00e1rias op\u00e7\u00f5es para produ\u00e7\u00e3o de energia limpa e renov\u00e1vel.<\/p>\n                        <\/div> \n                    <\/div>\n                <\/div>\n\t\t\t\t\n\t\t\t\t\t\t\t\n                <div class=\"slide-item p_relative pt_180\">\n\t\t\t\t\t                    <div class=\"image-layer p_absolute\" style=\"background-image:url(https:\/\/ricardomotalda.pt\/wp-content\/uploads\/2023\/02\/img_slideshow_initial_002-scaled.jpg)\">\n\t\t\t\t\t\t\t\t\t\t<\/div>\n                    <div class=\"auto-container\">\n                        <div class=\"content-box p_relative d_block z_5\">\n                            <h2 class=\"p_relative d_block fs_60 lh_70 fw_bold mb_18\"><span>REABILITA\u00c7\u00c3O<\/span><\/h2>\n                            <p class=\"p_relative d_block fs_18\">Trabalhamos para estabelecer novos padr\u00f5es no campo da sustentabilidade energ\u00e9tica, bem como na reabilita\u00e7\u00e3o.<\/p>\n                        <\/div> \n                    <\/div>\n                <\/div>\n\t\t\t\t\n\t\t\t\t\t\t\t\n                <div class=\"slide-item p_relative pt_180\">\n\t\t\t\t\t                    <div class=\"image-layer p_absolute\" style=\"background-image:url(https:\/\/ricardomotalda.pt\/wp-content\/uploads\/2023\/02\/img_slideshow_initial_003-scaled.jpg)\">\n\t\t\t\t\t\t\t\t\t\t<\/div>\n                    <div class=\"auto-container\">\n                        <div class=\"content-box p_relative d_block z_5\">\n                            <h2 class=\"p_relative d_block fs_60 lh_70 fw_bold mb_18\">Saiba quanto pode <span>POUPAR<\/span> com o telhado da sua casa<\/h2>\n                            <p class=\"p_relative d_block fs_18\">Maximize a efici\u00eancia do seu consumo energ\u00e9tico enquanto reduz a sua pegada de carbono.<\/p>\n                        <\/div> \n                    <\/div>\n                <\/div>\n\t\t\t\t\n\t\t\t\t\t\t\t\t\n            <\/div>\n        <\/section>\n             \n\t\t\t\t<\/div>\n\t\t\t\t<\/div>\n\t\t\t\t\t<\/div>\n\t\t<\/div>\n\t\t\t\t\t\t\t<\/div>\n\t\t<\/section>\n\t\t\t\t<section class=\"elementor-section elementor-top-section elementor-element elementor-element-5b038a2f elementor-section-full_width elementor-section-height-default elementor-section-height-default\" data-id=\"5b038a2f\" data-element_type=\"section\">\n\t\t\t\t\t\t<div class=\"elementor-container elementor-column-gap-no\">\n\t\t\t\t\t<div class=\"elementor-column elementor-col-100 elementor-top-column elementor-element elementor-element-e31a251\" data-id=\"e31a251\" data-element_type=\"column\">\n\t\t\t<div class=\"elementor-widget-wrap\">\n\t\t\t\t\t\t\t\t\t<\/div>\n\t\t<\/div>\n\t\t\t\t\t\t\t<\/div>\n\t\t<\/section>\n\t\t\t\t<section class=\"elementor-section elementor-top-section elementor-element elementor-element-734f656f elementor-section-boxed elementor-section-height-default elementor-section-height-default\" data-id=\"734f656f\" data-element_type=\"section\" data-settings=\"{&quot;background_background&quot;:&quot;classic&quot;}\">\n\t\t\t\t\t\t<div class=\"elementor-container elementor-column-gap-no\">\n\t\t\t\t\t<div class=\"elementor-column elementor-col-50 elementor-top-column elementor-element elementor-element-33afc5a3\" data-id=\"33afc5a3\" data-element_type=\"column\">\n\t\t\t<div class=\"elementor-widget-wrap elementor-element-populated\">\n\t\t\t\t\t\t\t\t<div class=\"elementor-element elementor-element-7322bdac elementor-widget elementor-widget-easton_h1_about_left\" data-id=\"7322bdac\" data-element_type=\"widget\" data-widget_type=\"easton_h1_about_left.default\">\n\t\t\t\t<div class=\"elementor-widget-container\">\n\t\t\t\t\t\n        <section class=\"about-section \">\n\t\t\t\n            <div class=\"auto-container\">\n                <div class=\"row clearfix\">\n                    <div class=\"col-lg-12 col-md-12 col-sm-12 image-column\">\n                        <div class=\"image_block_one\">\n                            <div data-animation-box class=\"image-box p_relative d_block pl_120 pb_100 mr_30\">\n                                <div class=\"shape-box\">\n\t\t\t\t\t\t\t\t\t                                    <div class=\"shape-1 p_absolute l_70 t_40 w_130 h_130\" style=\"background-image: url(https:\/\/ricardomotalda.pt\/wp-content\/uploads\/2022\/04\/shape-1.png);\">\n\t\t\t\t\t\t\t\t\t\t\t\t\t\t\t\t\t\t<\/div>\n\t\t\t\t\t\t\t\t\t                                    <div class=\"shape-2 p_absolute b_45 r_40 w_130 h_130\" style=\"background-image: url(https:\/\/ricardomotalda.pt\/wp-content\/uploads\/2022\/04\/shape-1.png);\">\n\t\t\t\t\t\t\t\t\t\t\t\t\t\t\t\t\t\t<\/div>\n                                <\/div>\n                                <figure data-animation-text class=\"overlay-anim-black-bg image p_relative d_block\" data-animation=\"overlay-animation\">\n\t\t\t\t\t\t\t\t\t   \n\t\t\t\t\t\t\t\t\t<img decoding=\"async\" src=\"https:\/\/ricardomotalda.pt\/wp-content\/uploads\/2023\/02\/34-S000260.jpg\" alt=\"\"\/>\n\t\t\t\t\t\t\t\t\t\t\t\t\t\t\t\t\t<\/figure>\n                                <div class=\"icon p_absolute l_25 float-bob-y\">\n\t\t\t\t\t\t\t\t\t   \n\t\t\t\t\t\t\t\t\t<img decoding=\"async\" src=\"https:\/\/ricardomotalda.pt\/wp-content\/uploads\/2022\/04\/icon-1.png\" alt=\"\"\/>\n\t\t\t\t\t\t\t\t\t\t\t\t\t\t\t\t\t<\/div>\n                                <div class=\"text-box centred p_absolute l_0 b_0 z_2\">\n                                    <div class=\"light-icon p_absolute\">\n\t\t\t\t\t\t\t\t\t\t   \n\t\t\t\t\t\t\t\t\t\t<img decoding=\"async\" src=\"https:\/\/ricardomotalda.pt\/wp-content\/uploads\/2022\/04\/icon-2.png\" alt=\"\"\/>\n\t\t\t\t\t\t\t\t\t\t\t\t\t\t\t\t\t\t\t<\/div>\n                                    <h2 class=\"d_block fs_40 lh_40 fw_bold mb_18\">30<\/h2>\n                                    <h3 class=\"d_block fw_medium\">Anos de Experi\u00eancia Profissional<\/h3>\n                                <\/div>\n                            <\/div>\n                        <\/div>\n                    <\/div>\n                <\/div>\n            <\/div>\n        <\/section>\n             \n\t\t\t\t<\/div>\n\t\t\t\t<\/div>\n\t\t\t\t\t<\/div>\n\t\t<\/div>\n\t\t\t\t<div class=\"elementor-column elementor-col-50 elementor-top-column elementor-element elementor-element-786b1e\" data-id=\"786b1e\" data-element_type=\"column\">\n\t\t\t<div class=\"elementor-widget-wrap elementor-element-populated\">\n\t\t\t\t\t\t\t\t<div class=\"elementor-element elementor-element-6131bd5e elementor-widget elementor-widget-easton_h1_about_right\" data-id=\"6131bd5e\" data-element_type=\"widget\" data-widget_type=\"easton_h1_about_right.default\">\n\t\t\t\t<div class=\"elementor-widget-container\">\n\t\t\t\t\t\n        <section class=\"about-section \">\n            <div class=\"auto-container\">\n                <div class=\"row clearfix\">\n                    <div class=\"col-lg-12 col-md-12 col-sm-12 content-column\">\n                        <div class=\"content_block_one\">\n                            <div class=\"content-box p_relative d_block ml_30\">\n\t\t\t\t\t\t\t\n\t\t\t\t\t\t\t\t\t\t\t\t\t\t\t\n                                <div class=\"sec-title p_relative mb_25\">\n                                    <h5 class=\"d_block fs_17 lh_25 fw_medium mb_9\">AQS Inox<\/h5>\n                                    <h2 class=\"d_block fs_40 lh_50 fw_bold\">Tudo para o seu conforto\nProteu\u00ae Square Bomba de Calor\nAQS Inox<\/h2>\n                                <\/div>\n                                <div class=\"text p_relative d_block mb_30\">\n                                    <p>260 Litros\nCapacidade (L): 260\nPress\u00e3o M\u00e1xima de Servi\u00e7o (bar): 6\nMaterial: INOX 444\nClasse Energ\u00e9tica: A+\nPerfil de Carga: XL\nRefrigerante: R134a\nAlimenta\u00e7\u00e3o El\u00e9trica (V\/ph\/Hz) 230\/1\/50\nPot\u00eancia da Resist\u00eancia El\u00e9trica (W): 1500\nEntrada \/ Sa\u00edda de \u00c1gua: 3\/4\"\nEntrada \/ Sa\u00edda de Ar: 160 mm\nSa\u00edda de Condensados: 1\/2\"\nN\u00ba de Permutadores: S\/Permutador\n<\/p>\n                                <\/div>\n\t\t\t\t\t\t\t\t\n\t\t\t\t\t\t\t\t\t\t\t\t\t\t\t\t\n                                <div class=\"inner p_relative d_block mb_40\">\n                                    <div class=\"row clearfix\">\n\t\t\t\t\t\t\t\t\t\n\t\t\t\t\t\t\t\t\t\t\t\t\t\t\t\t\t\t\t\n                                        <div class=\"col-lg-6 col-md-6 col-sm-12 single-column\">\n                                            <div class=\"single-item\">\n                                                <div class=\"icon-box\"><i class=\" icon-9\"><\/i><\/div>\n                                                <h4>Instala\u00e7\u00e3o Profissional<\/h4>\n                                            <\/div>\n                                        <\/div>\n\t\t\t\t\t\t\t\t\t\t\n\t\t\t\t\t\t\t\t\t\t\t\t\t\t\t\t\t\t\t\n                                        <div class=\"col-lg-6 col-md-6 col-sm-12 single-column\">\n                                            <div class=\"single-item\">\n                                                <div class=\"icon-box\"><i class=\" icon-10\"><\/i><\/div>\n                                                <h4>Garantia de Seguran\u00e7a\n\n<\/h4>\n                                            <\/div>\n                                        <\/div>\n\t\t\t\t\t\t\t\t\t\t\n\t\t\t\t\t\t\t\t\t\t\t\t\t\t\t\t\t\t\t\t\n\t\t\t\t\t\t\t\t\t\t\n                                    <\/div>\n                                <\/div>\n                                <ul class=\"list-style-one clearfix\">\n\t\t\t\t\t\t\t\t\n\t\t\t\t\t\t\t\t\t\t\t\t\t\t\t\t\t\n                                    <li>Solu\u00e7\u00f5es de Energia<\/li>\n\t\t\t\t\t\t\t\t\t\n\t\t\t\t\t\t\t\t\t\t\t\t\t\t\t\t\t\n                                    <li>Instala\u00e7\u00f5es de fia\u00e7\u00e3o, atualiza\u00e7\u00f5es, Check-ups<\/li>\n\t\t\t\t\t\t\t\t\t\n\t\t\t\t\t\t\t\t\t\t\t\t\t\t\t\t\t\n                                    <li>8h\/7 Servi\u00e7o ao Cliente<\/li>\n\t\t\t\t\t\t\t\t\t\n\t\t\t\t\t\t\t\t\t\t\t\t\t\t\t\t\t\t\n                                <\/ul>\n                                <figure class=\"signature\">\n\t\t\t\t\t\t\t\t\t   \n\t\t\t\t\t\t\t\t\t<img decoding=\"async\" src=\"https:\/\/ricardomotalda.pt\/wp-content\/uploads\/2022\/04\/signature-1.png\" alt=\"\"\/>\n\t\t\t\t\t\t\t\t\t\t\t\t\t\t\t\t\t<\/figure>\n                            <\/div>\n                        <\/div>\n                    <\/div>\n                <\/div>\n            <\/div>\n        <\/section>\n             \n\t\t\t\t<\/div>\n\t\t\t\t<\/div>\n\t\t\t\t\t<\/div>\n\t\t<\/div>\n\t\t\t\t\t\t\t<\/div>\n\t\t<\/section>\n\t\t\t\t<section class=\"elementor-section elementor-top-section elementor-element elementor-element-48b44c87 elementor-section-full_width elementor-section-height-default elementor-section-height-default\" data-id=\"48b44c87\" data-element_type=\"section\">\n\t\t\t\t\t\t<div class=\"elementor-container elementor-column-gap-no\">\n\t\t\t\t\t<div class=\"elementor-column elementor-col-100 elementor-top-column elementor-element elementor-element-6e9123e9\" data-id=\"6e9123e9\" data-element_type=\"column\">\n\t\t\t<div class=\"elementor-widget-wrap\">\n\t\t\t\t\t\t\t\t\t<\/div>\n\t\t<\/div>\n\t\t\t\t\t\t\t<\/div>\n\t\t<\/section>\n\t\t\t\t<section class=\"elementor-section elementor-top-section elementor-element elementor-element-d3c86b5 elementor-section-full_width elementor-section-height-default elementor-section-height-default\" data-id=\"d3c86b5\" data-element_type=\"section\">\n\t\t\t\t\t\t<div class=\"elementor-container elementor-column-gap-no\">\n\t\t\t\t\t<div class=\"elementor-column elementor-col-100 elementor-top-column elementor-element elementor-element-16b5b900\" data-id=\"16b5b900\" data-element_type=\"column\">\n\t\t\t<div class=\"elementor-widget-wrap\">\n\t\t\t\t\t\t\t\t\t<\/div>\n\t\t<\/div>\n\t\t\t\t\t\t\t<\/div>\n\t\t<\/section>\n\t\t\t\t<section class=\"elementor-section elementor-top-section elementor-element elementor-element-2a76f2 elementor-section-full_width elementor-section-height-default elementor-section-height-default\" data-id=\"2a76f2\" data-element_type=\"section\">\n\t\t\t\t\t\t<div class=\"elementor-container elementor-column-gap-no\">\n\t\t\t\t\t<div class=\"elementor-column elementor-col-100 elementor-top-column elementor-element elementor-element-4de9f71c\" data-id=\"4de9f71c\" data-element_type=\"column\">\n\t\t\t<div class=\"elementor-widget-wrap elementor-element-populated\">\n\t\t\t\t\t\t\t\t<div class=\"elementor-element elementor-element-907b43e elementor-widget elementor-widget-easton_h1_cta\" data-id=\"907b43e\" data-element_type=\"widget\" data-widget_type=\"easton_h1_cta.default\">\n\t\t\t\t<div class=\"elementor-widget-container\">\n\t\t\t\t\t\n        <section class=\"cta-section bg-color-1 p_relative pt_120 pb_120 \">\n            <div class=\"pattern-layer\">\n\t\t\t\t                <div class=\"pattern-1\" style=\"background-image: url(https:\/\/ricardomotalda.pt\/wp-content\/uploads\/2022\/04\/shape-12.png);\">\n\t\t\t\t\t\t\t\t<\/div>\n\t\t\t\t                <div class=\"pattern-2\" style=\"background-image: url(https:\/\/ricardomotalda.pt\/wp-content\/uploads\/2022\/04\/shape-13.png);\">\n\t\t\t\t\t\t\t\t<\/div>\n\t\t\t\t                <div class=\"pattern-3\" style=\"background-image: url(https:\/\/ricardomotalda.pt\/wp-content\/uploads\/2022\/04\/shape-7.png);\">\n\t\t\t\t\t\t\t\t<\/div>\n\t\t\t\t                <div class=\"pattern-4\" style=\"background-image: url(https:\/\/ricardomotalda.pt\/wp-content\/uploads\/2022\/04\/shape-7.png);\">\n\t\t\t\t\t\t\t\t<\/div>\n            <\/div>\n            <figure class=\"image-layer\">\n\t\t\t\t   \n\t\t\t\t<img decoding=\"async\" src=\"https:\/\/ricardomotalda.pt\/wp-content\/uploads\/2022\/04\/vector-1.png\" alt=\"\"\/>\n\t\t\t\t\t\t\t<\/figure>\n            <div class=\"auto-container\">\n                <div class=\"row clearfix\">\n                    <div class=\"col-lg-6 col-md-12 col-sm-12 content-column\">\n                        <div class=\"content_block_six\">\n                            <div class=\"content-box p_relative d_block mr_20\">\n                                <div class=\"sec-title p_relative mb_13\">\n                                    <h5 class=\"d_block fs_17 lh_25 fw_medium mb_13\">Contacto<\/h5>\n                                    <h2 class=\"d_block fs_40 lh_50 fw_bold\">Precisa dos nossos servi\u00e7os?<\/h2>\n                                <\/div>\n                                <div class=\"text\">\n                                    <p>N\u00e3o hesite em contactar-nos, a nossa equipa responde ao seu pedido.<\/p>\n                                <\/div>\n                                <div class=\"support-box p_relative d_block\">\n                                    <div class=\"icon-box p_absolute l_0 t_0 w_70 h_70 lh_70 b_radius_50 fs_40\"><i class=\"icon-37\"><\/i><\/div>\n                                    <h5>Telem\u00f3vel<\/h5>\n                                    <h3><a href=\"tel:+351 932 552 572\">+351 932 552 572<\/a><\/h3>\n                                <\/div>\n                            <\/div>\n                        <\/div>\n                    <\/div>\n                <\/div>\n            <\/div>\n        <\/section>\n             \n\t\t\t\t<\/div>\n\t\t\t\t<\/div>\n\t\t\t\t\t<\/div>\n\t\t<\/div>\n\t\t\t\t\t\t\t<\/div>\n\t\t<\/section>\n\t\t\t\t\t\t\t<\/div>\n\t\t","protected":false},"excerpt":{"rendered":"<p>Aquecimento a PELLETS A natureza \u00e9 algo extraordin\u00e1rio, oferecendo v\u00e1rias op\u00e7\u00f5es para produ\u00e7\u00e3o de energia limpa e renov\u00e1vel. REABILITA\u00c7\u00c3O Trabalhamos para estabelecer novos padr\u00f5es no campo da sustentabilidade energ\u00e9tica, bem como na reabilita\u00e7\u00e3o. Saiba quanto pode POUPAR com o telhado da sua casa Maximize a efici\u00eancia do seu consumo energ\u00e9tico enquanto reduz a sua pegada [&hellip;]<\/p>\n","protected":false},"author":1,"featured_media":0,"parent":0,"menu_order":0,"comment_status":"closed","ping_status":"closed","template":"tpl-default-elementor.php","meta":{"footnotes":""},"class_list":["post-3201","page","type-page","status-publish","hentry"],"_links":{"self":[{"href":"https:\/\/ricardomotalda.pt\/index.php?rest_route=\/wp\/v2\/pages\/3201","targetHints":{"allow":["GET"]}}],"collection":[{"href":"https:\/\/ricardomotalda.pt\/index.php?rest_route=\/wp\/v2\/pages"}],"about":[{"href":"https:\/\/ricardomotalda.pt\/index.php?rest_route=\/wp\/v2\/types\/page"}],"author":[{"embeddable":true,"href":"https:\/\/ricardomotalda.pt\/index.php?rest_route=\/wp\/v2\/users\/1"}],"replies":[{"embeddable":true,"href":"https:\/\/ricardomotalda.pt\/index.php?rest_route=%2Fwp%2Fv2%2Fcomments&post=3201"}],"version-history":[{"count":76,"href":"https:\/\/ricardomotalda.pt\/index.php?rest_route=\/wp\/v2\/pages\/3201\/revisions"}],"predecessor-version":[{"id":3415,"href":"https:\/\/ricardomotalda.pt\/index.php?rest_route=\/wp\/v2\/pages\/3201\/revisions\/3415"}],"wp:attachment":[{"href":"https:\/\/ricardomotalda.pt\/index.php?rest_route=%2Fwp%2Fv2%2Fmedia&parent=3201"}],"curies":[{"name":"wp","href":"https:\/\/api.w.org\/{rel}","templated":true}]}}